{"id":8050,"date":"2023-10-18T13:08:27","date_gmt":"2023-10-18T11:08:27","guid":{"rendered":"https:\/\/www.sanjuandelacruzubeda.com\/el-museo\/recomendaciones-y-o-entorno\/"},"modified":"2023-12-15T12:59:05","modified_gmt":"2023-12-15T11:59:05","slug":"recommandations-et-ou-alentours","status":"publish","type":"page","link":"https:\/\/www.sanjuandelacruzubeda.com\/fr\/le-musee-saint-jean-de-la-croix\/recommandations-et-ou-alentours\/","title":{"rendered":"Recommandations et\/ou alentours"},"content":{"rendered":"<p>[et_pb_section fb_built=\u00a0\u00bb1&Prime; _builder_version=\u00a0\u00bb4.22.2&Prime; _module_preset=\u00a0\u00bbdefault\u00a0\u00bb custom_margin=\u00a0\u00bb0px||||false|false\u00a0\u00bb custom_padding=\u00a0\u00bb0px||||false|false\u00a0\u00bb global_colors_info=\u00a0\u00bb{}\u00a0\u00bb][et_pb_row _builder_version=\u00a0\u00bb4.22.2&Prime; _module_preset=\u00a0\u00bbdefault\u00a0\u00bb width=\u00a0\u00bb100%\u00a0\u00bb custom_margin=\u00a0\u00bb0px||||false|false\u00a0\u00bb custom_padding=\u00a0\u00bb0px||||false|false\u00a0\u00bb global_colors_info=\u00a0\u00bb{}\u00a0\u00bb][et_pb_column type=\u00a0\u00bb4_4&Prime; _builder_version=\u00a0\u00bb4.22.2&Prime; _module_preset=\u00a0\u00bbdefault\u00a0\u00bb global_colors_info=\u00a0\u00bb{}\u00a0\u00bb][et_pb_gallery gallery_ids=\u00a0\u00bb404,405,406,407,408,409,410,411&Prime; fullwidth=\u00a0\u00bbon\u00a0\u00bb _builder_version=\u00a0\u00bb4.22.2&Prime; _module_preset=\u00a0\u00bbdefault\u00a0\u00bb global_colors_info=\u00a0\u00bb{}\u00a0\u00bb][\/et_pb_gallery][et_pb_text _builder_version=\u00a0\u00bb4.23.1&Prime; _module_preset=\u00a0\u00bbdefault\u00a0\u00bb text_orientation=\u00a0\u00bbjustified\u00a0\u00bb global_colors_info=\u00a0\u00bb{}\u00a0\u00bb]<\/p>\n<p>Le Mus\u00e9e Saint Jean de la Croix est situ\u00e9 dans la ville d&rsquo;\u00dabeda, laquelle se trouve \u00e0 10 km de Baeza et \u00e0 40 km de l&rsquo;entr\u00e9e du Parc Naturel de Sierras de Cazorla, Segura y Las Villas.<\/p>\n<h2 class=\"left-outline\">\u00daBEDA<\/h2>\n<p>\u00dabeda est la c\u00e9l\u00e8bre capitale de la Renaissance andalouse. Cette localit\u00e9 de Ja\u00e9n se situe sur une butte \u00e0 proximit\u00e9 de la vall\u00e9e du Haut Guadalquivir, dans la province administrative de La Loma. Le centre historique a \u00e9t\u00e9 d\u00e9sign\u00e9 \u00ab ensemble historico-artistique d&rsquo;Espagne \u00bb, et pr\u00e9serve un h\u00e9ritage monumental splendide que constituent des \u00e9glises, des palaces et des maisons de nobles. L&rsquo;ensemble monumental Renaissance a \u00e9t\u00e9 class\u00e9 patrimoine de l&rsquo;humanit\u00e9 par l&rsquo;UNESCO.<\/p>\n<p><a title=\"Ir a turismodeubeda.com\" href=\"http:\/\/turismodeubeda.com\" target=\"_blank\" rel=\"noopener\">Voir plus<\/a><\/p>\n<h2 class=\"left-outline\">BAEZA<\/h2>\n<p>Baeza se situe sur un petit promontoire, dominant un paysage d&rsquo;oliviers, dans la province administrative de La Loma. Class\u00e9e \u00ab ensemble historico-artistique d&rsquo;Espagne \u00bb, Baeza poss\u00e8de un h\u00e9ritage de la Renaissance incroyable, nomm\u00e9 patrimoine de l&rsquo;humanit\u00e9 par l&rsquo;UNESCO. La pierre taill\u00e9e contraste avec les fermes blanchies \u00e0 la chaux. Elle fait partie de la route de l&rsquo;Andalousie de la Renaissance et de la route des Nasrides. Il s&rsquo;agit d&rsquo;un point d&rsquo;exception \u00e0 partir duquel il est possible de parcourir toute la r\u00e9gion, et profiter d&rsquo;une huile d&rsquo;olive unique qui est au centre de la gastronomie m\u00e9diterran\u00e9enne.<\/p>\n<p><a title=\"ir al portal de tur\u00edsmo de Baeza\" href=\"http:\/\/turismo.baeza.net\/baezaturismo.es\/PortalBaeza\/turismo\/menuprincipal.html\" target=\"_blank\" rel=\"noopener\">Voir plus<\/a><\/p>\n<h2 class=\"left-outline\">SIERRAS DE CAZORLA SEGURA Y LAS VILLAS<\/h2>\n<p>Ces cha\u00eenes de montagnes sont prot\u00e9g\u00e9es sous la d\u00e9nomination de \u00ab parc naturel d&rsquo;Espagne \u00bb. Vous y trouverez donc ce que vous cherchez : du calme, et des paysages color\u00e9s et bien conserv\u00e9s. Rien d&rsquo;agressif ne brise l&rsquo;harmonie ou la propret\u00e9 de cet endroit.<\/p>\n<p>Cet \u00e9norme territoire fut l&rsquo;un des premiers \u00e0 \u00eatre nomm\u00e9 parc naturel en Andalousie. Et il le m\u00e9rite bien.<\/p>\n<p>Cet ensemble forestier est en effet le plus vaste d&rsquo;Espagne, et sa richesse en biodiversit\u00e9 ne cesse d&rsquo;impressionner.<\/p>\n<p><a title=\"Ir a www.sierrasdecazorlaseguraylasvillas.es\" href=\"http:\/\/www.sierrasdecazorlaseguraylasvillas.es\/\" target=\"_blank\" rel=\"noopener\">Voir plus<\/a><\/p>\n<p>[\/et_pb_text][\/et_pb_column][\/et_pb_row][\/et_pb_section]<\/p>\n","protected":false},"excerpt":{"rendered":"<p>Le Mus\u00e9e Saint Jean de la Croix est situ\u00e9 dans la ville d&rsquo;\u00dabeda, laquelle se trouve \u00e0 10 km de Baeza et \u00e0 40 km de l&rsquo;entr\u00e9e du Parc Naturel de Sierras de Cazorla, Segura y Las Villas. \u00daBEDA \u00dabeda est la c\u00e9l\u00e8bre capitale de la Renaissance andalouse. Cette localit\u00e9 de Ja\u00e9n se situe sur [&hellip;]<\/p>\n","protected":false},"author":1,"featured_media":7613,"parent":7954,"menu_order":0,"comment_status":"closed","ping_status":"closed","template":"","meta":{"_acf_changed":false,"_et_pb_use_builder":"on","_et_pb_old_content":"","_et_gb_content_width":"","footnotes":""},"class_list":["post-8050","page","type-page","status-publish","has-post-thumbnail","hentry"],"acf":[],"yoast_head":"<!-- This site is optimized with the Yoast SEO plugin v27.4 - https:\/\/yoast.com\/product\/yoast-seo-wordpress\/ -->\n<title>Recommandations et\/ou alentours - Museo, Casa de espiritualidad y toda la informaci\u00f3n y escritos de - San Juan de la Cruz. \u00dabeda.<\/title>\n<meta name=\"robots\" content=\"index, follow, max-snippet:-1, max-image-preview:large, max-video-preview:-1\" \/>\n<link rel=\"canonical\" href=\"https:\/\/www.sanjuandelacruzubeda.com\/fr\/le-musee-saint-jean-de-la-croix\/recommandations-et-ou-alentours\/\" \/>\n<meta property=\"og:locale\" content=\"fr_FR\" \/>\n<meta property=\"og:type\" content=\"article\" \/>\n<meta property=\"og:title\" content=\"Recommandations et\/ou alentours - Museo, Casa de espiritualidad y toda la informaci\u00f3n y escritos de - San Juan de la Cruz. \u00dabeda.\" \/>\n<meta property=\"og:description\" content=\"Le Mus\u00e9e Saint Jean de la Croix est situ\u00e9 dans la ville d&#039;\u00dabeda, laquelle se trouve \u00e0 10 km de Baeza et \u00e0 40 km de l&#039;entr\u00e9e du Parc Naturel de Sierras de Cazorla, Segura y Las Villas. \u00daBEDA \u00dabeda est la c\u00e9l\u00e8bre capitale de la Renaissance andalouse. Cette localit\u00e9 de Ja\u00e9n se situe sur [&hellip;]\" \/>\n<meta property=\"og:url\" content=\"https:\/\/www.sanjuandelacruzubeda.com\/fr\/le-musee-saint-jean-de-la-croix\/recommandations-et-ou-alentours\/\" \/>\n<meta property=\"og:site_name\" content=\"Museo, Casa de espiritualidad y toda la informaci\u00f3n y escritos de - San Juan de la Cruz. \u00dabeda.\" \/>\n<meta property=\"article:modified_time\" content=\"2023-12-15T11:59:05+00:00\" \/>\n<meta property=\"og:image\" content=\"https:\/\/www.sanjuandelacruzubeda.com\/wp-content\/uploads\/2023\/10\/09_banner_recomendaciones.jpg\" \/>\n\t<meta property=\"og:image:width\" content=\"1950\" \/>\n\t<meta property=\"og:image:height\" content=\"300\" \/>\n\t<meta property=\"og:image:type\" content=\"image\/jpeg\" \/>\n<meta name=\"twitter:card\" content=\"summary_large_image\" \/>\n<meta name=\"twitter:label1\" content=\"Dur\u00e9e de lecture estim\u00e9e\" \/>\n\t<meta name=\"twitter:data1\" content=\"4 minutes\" \/>\n<script type=\"application\/ld+json\" class=\"yoast-schema-graph\">{\"@context\":\"https:\\\/\\\/schema.org\",\"@graph\":[{\"@type\":\"WebPage\",\"@id\":\"https:\\\/\\\/www.sanjuandelacruzubeda.com\\\/fr\\\/le-musee-saint-jean-de-la-croix\\\/recommandations-et-ou-alentours\\\/\",\"url\":\"https:\\\/\\\/www.sanjuandelacruzubeda.com\\\/fr\\\/le-musee-saint-jean-de-la-croix\\\/recommandations-et-ou-alentours\\\/\",\"name\":\"Recommandations et\\\/ou alentours - Museo, Casa de espiritualidad y toda la informaci\u00f3n y escritos de - San Juan de la Cruz. \u00dabeda.\",\"isPartOf\":{\"@id\":\"https:\\\/\\\/www.sanjuandelacruzubeda.com\\\/fr\\\/#website\"},\"primaryImageOfPage\":{\"@id\":\"https:\\\/\\\/www.sanjuandelacruzubeda.com\\\/fr\\\/le-musee-saint-jean-de-la-croix\\\/recommandations-et-ou-alentours\\\/#primaryimage\"},\"image\":{\"@id\":\"https:\\\/\\\/www.sanjuandelacruzubeda.com\\\/fr\\\/le-musee-saint-jean-de-la-croix\\\/recommandations-et-ou-alentours\\\/#primaryimage\"},\"thumbnailUrl\":\"https:\\\/\\\/www.sanjuandelacruzubeda.com\\\/wp-content\\\/uploads\\\/2023\\\/10\\\/09_banner_recomendaciones.jpg\",\"datePublished\":\"2023-10-18T11:08:27+00:00\",\"dateModified\":\"2023-12-15T11:59:05+00:00\",\"breadcrumb\":{\"@id\":\"https:\\\/\\\/www.sanjuandelacruzubeda.com\\\/fr\\\/le-musee-saint-jean-de-la-croix\\\/recommandations-et-ou-alentours\\\/#breadcrumb\"},\"inLanguage\":\"fr-FR\",\"potentialAction\":[{\"@type\":\"ReadAction\",\"target\":[\"https:\\\/\\\/www.sanjuandelacruzubeda.com\\\/fr\\\/le-musee-saint-jean-de-la-croix\\\/recommandations-et-ou-alentours\\\/\"]}]},{\"@type\":\"ImageObject\",\"inLanguage\":\"fr-FR\",\"@id\":\"https:\\\/\\\/www.sanjuandelacruzubeda.com\\\/fr\\\/le-musee-saint-jean-de-la-croix\\\/recommandations-et-ou-alentours\\\/#primaryimage\",\"url\":\"https:\\\/\\\/www.sanjuandelacruzubeda.com\\\/wp-content\\\/uploads\\\/2023\\\/10\\\/09_banner_recomendaciones.jpg\",\"contentUrl\":\"https:\\\/\\\/www.sanjuandelacruzubeda.com\\\/wp-content\\\/uploads\\\/2023\\\/10\\\/09_banner_recomendaciones.jpg\",\"width\":1950,\"height\":300},{\"@type\":\"BreadcrumbList\",\"@id\":\"https:\\\/\\\/www.sanjuandelacruzubeda.com\\\/fr\\\/le-musee-saint-jean-de-la-croix\\\/recommandations-et-ou-alentours\\\/#breadcrumb\",\"itemListElement\":[{\"@type\":\"ListItem\",\"position\":1,\"name\":\"Inicio\",\"item\":\"https:\\\/\\\/www.sanjuandelacruzubeda.com\\\/fr\\\/\"},{\"@type\":\"ListItem\",\"position\":2,\"name\":\"LE MUS\u00c9E SAINT JEAN DE LA CROIX\",\"item\":\"https:\\\/\\\/www.sanjuandelacruzubeda.com\\\/fr\\\/museo\\\/\"},{\"@type\":\"ListItem\",\"position\":3,\"name\":\"Recommandations et\\\/ou alentours\"}]},{\"@type\":\"WebSite\",\"@id\":\"https:\\\/\\\/www.sanjuandelacruzubeda.com\\\/fr\\\/#website\",\"url\":\"https:\\\/\\\/www.sanjuandelacruzubeda.com\\\/fr\\\/\",\"name\":\"Museo, Casa de espiritualidad y toda la informaci\u00f3n y escritos de - San Juan de la Cruz. \u00dabeda.\",\"description\":\"\",\"potentialAction\":[{\"@type\":\"SearchAction\",\"target\":{\"@type\":\"EntryPoint\",\"urlTemplate\":\"https:\\\/\\\/www.sanjuandelacruzubeda.com\\\/fr\\\/?s={search_term_string}\"},\"query-input\":{\"@type\":\"PropertyValueSpecification\",\"valueRequired\":true,\"valueName\":\"search_term_string\"}}],\"inLanguage\":\"fr-FR\"}]}<\/script>\n<!-- \/ Yoast SEO plugin. -->","yoast_head_json":{"title":"Recommandations et\/ou alentours - Museo, Casa de espiritualidad y toda la informaci\u00f3n y escritos de - San Juan de la Cruz. \u00dabeda.","robots":{"index":"index","follow":"follow","max-snippet":"max-snippet:-1","max-image-preview":"max-image-preview:large","max-video-preview":"max-video-preview:-1"},"canonical":"https:\/\/www.sanjuandelacruzubeda.com\/fr\/le-musee-saint-jean-de-la-croix\/recommandations-et-ou-alentours\/","og_locale":"fr_FR","og_type":"article","og_title":"Recommandations et\/ou alentours - Museo, Casa de espiritualidad y toda la informaci\u00f3n y escritos de - San Juan de la Cruz. \u00dabeda.","og_description":"Le Mus\u00e9e Saint Jean de la Croix est situ\u00e9 dans la ville d'\u00dabeda, laquelle se trouve \u00e0 10 km de Baeza et \u00e0 40 km de l'entr\u00e9e du Parc Naturel de Sierras de Cazorla, Segura y Las Villas. \u00daBEDA \u00dabeda est la c\u00e9l\u00e8bre capitale de la Renaissance andalouse. Cette localit\u00e9 de Ja\u00e9n se situe sur [&hellip;]","og_url":"https:\/\/www.sanjuandelacruzubeda.com\/fr\/le-musee-saint-jean-de-la-croix\/recommandations-et-ou-alentours\/","og_site_name":"Museo, Casa de espiritualidad y toda la informaci\u00f3n y escritos de - San Juan de la Cruz. \u00dabeda.","article_modified_time":"2023-12-15T11:59:05+00:00","og_image":[{"width":1950,"height":300,"url":"https:\/\/www.sanjuandelacruzubeda.com\/wp-content\/uploads\/2023\/10\/09_banner_recomendaciones.jpg","type":"image\/jpeg"}],"twitter_card":"summary_large_image","twitter_misc":{"Dur\u00e9e de lecture estim\u00e9e":"4 minutes"},"schema":{"@context":"https:\/\/schema.org","@graph":[{"@type":"WebPage","@id":"https:\/\/www.sanjuandelacruzubeda.com\/fr\/le-musee-saint-jean-de-la-croix\/recommandations-et-ou-alentours\/","url":"https:\/\/www.sanjuandelacruzubeda.com\/fr\/le-musee-saint-jean-de-la-croix\/recommandations-et-ou-alentours\/","name":"Recommandations et\/ou alentours - Museo, Casa de espiritualidad y toda la informaci\u00f3n y escritos de - San Juan de la Cruz. \u00dabeda.","isPartOf":{"@id":"https:\/\/www.sanjuandelacruzubeda.com\/fr\/#website"},"primaryImageOfPage":{"@id":"https:\/\/www.sanjuandelacruzubeda.com\/fr\/le-musee-saint-jean-de-la-croix\/recommandations-et-ou-alentours\/#primaryimage"},"image":{"@id":"https:\/\/www.sanjuandelacruzubeda.com\/fr\/le-musee-saint-jean-de-la-croix\/recommandations-et-ou-alentours\/#primaryimage"},"thumbnailUrl":"https:\/\/www.sanjuandelacruzubeda.com\/wp-content\/uploads\/2023\/10\/09_banner_recomendaciones.jpg","datePublished":"2023-10-18T11:08:27+00:00","dateModified":"2023-12-15T11:59:05+00:00","breadcrumb":{"@id":"https:\/\/www.sanjuandelacruzubeda.com\/fr\/le-musee-saint-jean-de-la-croix\/recommandations-et-ou-alentours\/#breadcrumb"},"inLanguage":"fr-FR","potentialAction":[{"@type":"ReadAction","target":["https:\/\/www.sanjuandelacruzubeda.com\/fr\/le-musee-saint-jean-de-la-croix\/recommandations-et-ou-alentours\/"]}]},{"@type":"ImageObject","inLanguage":"fr-FR","@id":"https:\/\/www.sanjuandelacruzubeda.com\/fr\/le-musee-saint-jean-de-la-croix\/recommandations-et-ou-alentours\/#primaryimage","url":"https:\/\/www.sanjuandelacruzubeda.com\/wp-content\/uploads\/2023\/10\/09_banner_recomendaciones.jpg","contentUrl":"https:\/\/www.sanjuandelacruzubeda.com\/wp-content\/uploads\/2023\/10\/09_banner_recomendaciones.jpg","width":1950,"height":300},{"@type":"BreadcrumbList","@id":"https:\/\/www.sanjuandelacruzubeda.com\/fr\/le-musee-saint-jean-de-la-croix\/recommandations-et-ou-alentours\/#breadcrumb","itemListElement":[{"@type":"ListItem","position":1,"name":"Inicio","item":"https:\/\/www.sanjuandelacruzubeda.com\/fr\/"},{"@type":"ListItem","position":2,"name":"LE MUS\u00c9E SAINT JEAN DE LA CROIX","item":"https:\/\/www.sanjuandelacruzubeda.com\/fr\/museo\/"},{"@type":"ListItem","position":3,"name":"Recommandations et\/ou alentours"}]},{"@type":"WebSite","@id":"https:\/\/www.sanjuandelacruzubeda.com\/fr\/#website","url":"https:\/\/www.sanjuandelacruzubeda.com\/fr\/","name":"Museo, Casa de espiritualidad y toda la informaci\u00f3n y escritos de - San Juan de la Cruz. \u00dabeda.","description":"","potentialAction":[{"@type":"SearchAction","target":{"@type":"EntryPoint","urlTemplate":"https:\/\/www.sanjuandelacruzubeda.com\/fr\/?s={search_term_string}"},"query-input":{"@type":"PropertyValueSpecification","valueRequired":true,"valueName":"search_term_string"}}],"inLanguage":"fr-FR"}]}},"_links":{"self":[{"href":"https:\/\/www.sanjuandelacruzubeda.com\/fr\/wp-json\/wp\/v2\/pages\/8050","targetHints":{"allow":["GET"]}}],"collection":[{"href":"https:\/\/www.sanjuandelacruzubeda.com\/fr\/wp-json\/wp\/v2\/pages"}],"about":[{"href":"https:\/\/www.sanjuandelacruzubeda.com\/fr\/wp-json\/wp\/v2\/types\/page"}],"author":[{"embeddable":true,"href":"https:\/\/www.sanjuandelacruzubeda.com\/fr\/wp-json\/wp\/v2\/users\/1"}],"replies":[{"embeddable":true,"href":"https:\/\/www.sanjuandelacruzubeda.com\/fr\/wp-json\/wp\/v2\/comments?post=8050"}],"version-history":[{"count":3,"href":"https:\/\/www.sanjuandelacruzubeda.com\/fr\/wp-json\/wp\/v2\/pages\/8050\/revisions"}],"predecessor-version":[{"id":8268,"href":"https:\/\/www.sanjuandelacruzubeda.com\/fr\/wp-json\/wp\/v2\/pages\/8050\/revisions\/8268"}],"up":[{"embeddable":true,"href":"https:\/\/www.sanjuandelacruzubeda.com\/fr\/wp-json\/wp\/v2\/pages\/7954"}],"wp:featuredmedia":[{"embeddable":true,"href":"https:\/\/www.sanjuandelacruzubeda.com\/fr\/wp-json\/wp\/v2\/media\/7613"}],"wp:attachment":[{"href":"https:\/\/www.sanjuandelacruzubeda.com\/fr\/wp-json\/wp\/v2\/media?parent=8050"}],"curies":[{"name":"wp","href":"https:\/\/api.w.org\/{rel}","templated":true}]}}