{"id":7918,"date":"2023-10-17T09:51:47","date_gmt":"2023-10-17T07:51:47","guid":{"rendered":"https:\/\/www.sanjuandelacruzubeda.com\/san-juan-de-la-cruz\/"},"modified":"2023-12-18T13:01:34","modified_gmt":"2023-12-18T12:01:34","slug":"saint-jean-de-la-croix","status":"publish","type":"page","link":"https:\/\/www.sanjuandelacruzubeda.com\/fr\/saint-jean-de-la-croix\/","title":{"rendered":"Saint Jean de la Croix"},"content":{"rendered":"<p>[et_pb_section fb_built=\u00a0\u00bb1&Prime; admin_label=\u00a0\u00bbsection\u00a0\u00bb _builder_version=\u00a0\u00bb4.22.2&Prime; custom_margin=\u00a0\u00bb0px||||false|false\u00a0\u00bb custom_padding=\u00a0\u00bb0px||||false|false\u00a0\u00bb global_colors_info=\u00a0\u00bb{}\u00a0\u00bb][et_pb_row admin_label=\u00a0\u00bbrow\u00a0\u00bb _builder_version=\u00a0\u00bb4.22.2&Prime; background_size=\u00a0\u00bbinitial\u00a0\u00bb background_position=\u00a0\u00bbtop_left\u00a0\u00bb background_repeat=\u00a0\u00bbrepeat\u00a0\u00bb width=\u00a0\u00bb100%\u00a0\u00bb custom_margin=\u00a0\u00bb0px||||false|false\u00a0\u00bb custom_padding=\u00a0\u00bb0px||||false|false\u00a0\u00bb global_colors_info=\u00a0\u00bb{}\u00a0\u00bb][et_pb_column type=\u00a0\u00bb4_4&Prime; _builder_version=\u00a0\u00bb4.16&Prime; custom_padding=\u00a0\u00bb|||\u00a0\u00bb global_colors_info=\u00a0\u00bb{}\u00a0\u00bb custom_padding__hover=\u00a0\u00bb|||\u00a0\u00bb][et_pb_text admin_label=\u00a0\u00bbText\u00a0\u00bb _builder_version=\u00a0\u00bb4.23.1&Prime; background_size=\u00a0\u00bbinitial\u00a0\u00bb background_position=\u00a0\u00bbtop_left\u00a0\u00bb background_repeat=\u00a0\u00bbrepeat\u00a0\u00bb text_orientation=\u00a0\u00bbjustified\u00a0\u00bb hover_enabled=\u00a0\u00bb0&Prime; global_colors_info=\u00a0\u00bb{}\u00a0\u00bb sticky_enabled=\u00a0\u00bb0&Prime;]<\/p>\n<p>Le 14 d\u00e9cembre l\u2019\u00c9glise f\u00eate la liturgie de Saint Jean de la Croix, l\u2019un des mystiques les plus profonds de tous les temps, et bien s\u00fbr l\u2019un des plus grands po\u00e8tes en langue espagnole. Ses po\u00e8mes s\u00e9duisent aussit\u00f4t les croyants que les non-croyants. Ses \u0153uvres ont \u00e9t\u00e9 traduites vers plus de 50 langues, et font l\u2019objet de lecture des Chr\u00e9tiens, des Musulmans, des Bouddhistes, des Hindous\u2026 Chaque ann\u00e9e sont publies de nombreuses th\u00e8ses doctorales \u00e0 propos de la relation entre Saint Jean de la Croix et des sujets vari\u00e9s tels que l\u2019Islam, le Bouddhisme-Zen, la po\u00e9sie contemporaine, la philosophie nihiliste, etc. On peut m\u00eame trouver des \u00e9tudes sur l\u2019influence saintjeaniste dans la Th\u00e9ologie Protestante, et dans l\u2019\u0153uvre de Descartes, de Pascal, de Husserl, de Bergson, de Bernanos, de Bonhoeffer, de Nietzsche, de Dostoiesvki, de Ghandi, d\u2019Unamuno, de Simone Weil, de Vicente Aleixandre, etc. Il est fort connu que le pape Jean-Paul II avait \u00e9crit sa th\u00e8se doctorale sur \u00ab la Foi en Saint Jean de la Croix \u00bb, et qu\u2019il le citait davantage lors de ses interventions. Manuel Diego S\u00e1nchez a publi\u00e9 en 1993 un volume sur la bibliographie \u00e0 l\u2019occasion du IVe centenaire de la mort de Jean de la Croix (2 142 titres), et en 2000 un autre livre incluant une bibliographie saintjeaniste syst\u00e9matique (6 328 titres). Les titres apparaissant dans cette derni\u00e8re sont des biographies, et des \u00e9tudes textuels, historiques, doctrinales, liturgiques, etc. autour de Jean de la Croix.<\/p>\n<p>D\u00e9couvre sa vie <a class=\"btn-style1 no\" title=\"Biograf\u00eda\" href=\"https:\/\/www.sanjuandelacruzubeda.com\/fr\/saint-jean-de-la-croix\/biographie-saint-jean-de-la-croix\/\">Biographie<\/a><\/p>\n<p>Learn about his work <a class=\"btn-style1 no\" title=\"Escritos\" href=\"https:\/\/www.sanjuandelacruzubeda.com\/fr\/saint-jean-de-la-croix\/ecrits-saint-jean-de-la-croix\/\">\u00c9crits<\/a><\/p>\n<p>[\/et_pb_text][\/et_pb_column][\/et_pb_row][\/et_pb_section]<\/p>\n","protected":false},"excerpt":{"rendered":"<p>Le 14 d\u00e9cembre l\u2019\u00c9glise f\u00eate la liturgie de Saint Jean de la Croix, l\u2019un des mystiques les plus profonds de tous les temps, et bien s\u00fbr l\u2019un des plus grands po\u00e8tes en langue espagnole. Ses po\u00e8mes s\u00e9duisent aussit\u00f4t les croyants que les non-croyants. Ses \u0153uvres ont \u00e9t\u00e9 traduites vers plus de 50 langues, et font [&hellip;]<\/p>\n","protected":false},"author":1,"featured_media":7559,"parent":0,"menu_order":0,"comment_status":"closed","ping_status":"closed","template":"","meta":{"_acf_changed":false,"_et_pb_use_builder":"on","_et_pb_old_content":"El 14 de Diciembre la Iglesia celebra la fiesta lit\u00fargica de S. Juan de la Cruz, uno de los m\u00edsticos m\u00e1s profundos de todos los tiempos y el m\u00e1s grande de los poetas de lengua espa\u00f1ola. Sus poemas cautivan por igual a creyentes de todos los credos religiosos y a personas indiferentes ante la fe. Sus obras est\u00e1n traducidas a m\u00e1s de 50 idiomas y es le\u00eddo por cristianos, musulmanes, budistas, hind\u00faes... Cada a\u00f1o se publican numerosas tesis doctorales sobre \u00abS. Juan de la Cruz y el Islam\u00bb, \u00abS. Juan de la Cruz y el Budismo-Zen\u00bb, \u00abS. Juan de la Cruz y la poes\u00eda contempor\u00e1nea\u00bb, \u00abS. Juan de la Cruz y los fil\u00f3sofos nihilistas\u00bb... Aunque nos resulte sorprendente, podemos encontrar estudios sobre su influencia en la Teolog\u00eda Protestante, en la obra de Descartes, Pascal, Husserl, Bergson, Bernanos, Bonhoeffer, Nietzsche, Dostoievski, Ghandi, Unamuno, Simone Weil, Vicente Aleixandre... De todos es conocido que el Papa Juan Pablo II hizo su tesis doctoral sobre \u00abla fe en San Juan de la Cruz\u00bb y que le cita en muchas de sus intervenciones. Manuel Diego S\u00e1nchez public\u00f3 en 1993 un volumen sobre la \u00abBibliograf\u00eda del IV centenario de su muerte\u00bb con 2142 t\u00edtulos y en el a\u00f1o 2000 otro libro titulado \u00abSan Juan de la Cruz. Bibliograf\u00eda sistem\u00e1tica\u00bb, donde se recogen 6328 t\u00edtulos sobre las biograf\u00edas, estudios textuales, hist\u00f3ricos, doctrinales, lit\u00fargicos o de cualquier tipo sobre el Santo.\r\n\r\nConoce su vida \u00a0<a class=\"btn-style1 no\" title=\"Biograf\u00eda\" href=\"https:\/\/sanjuandelacruzubeda.com\/index.php?option=com_k2&view=item&layout=item&id=15&Itemid=119&lang=es\">Biograf\u00eda<\/a>\r\n\r\nConoce su obra \u00a0<a class=\"btn-style1 no\" title=\"Escritos\" href=\"https:\/\/sanjuandelacruzubeda.com\/index.php?option=com_k2&view=itemlist&layout=category&task=category&id=4&Itemid=120&lang=es\">Escritos<\/a>","_et_gb_content_width":"","footnotes":""},"class_list":["post-7918","page","type-page","status-publish","has-post-thumbnail","hentry"],"acf":[],"yoast_head":"<!-- This site is optimized with the Yoast SEO plugin v27.4 - https:\/\/yoast.com\/product\/yoast-seo-wordpress\/ -->\n<title>Saint Jean de la Croix - Museo, Casa de espiritualidad y toda la informaci\u00f3n y escritos de - San Juan de la Cruz. \u00dabeda.<\/title>\n<meta name=\"robots\" content=\"index, follow, max-snippet:-1, max-image-preview:large, max-video-preview:-1\" \/>\n<link rel=\"canonical\" href=\"https:\/\/www.sanjuandelacruzubeda.com\/fr\/saint-jean-de-la-croix\/\" \/>\n<meta property=\"og:locale\" content=\"fr_FR\" \/>\n<meta property=\"og:type\" content=\"article\" \/>\n<meta property=\"og:title\" content=\"Saint Jean de la Croix - Museo, Casa de espiritualidad y toda la informaci\u00f3n y escritos de - San Juan de la Cruz. \u00dabeda.\" \/>\n<meta property=\"og:description\" content=\"Le 14 d\u00e9cembre l\u2019\u00c9glise f\u00eate la liturgie de Saint Jean de la Croix, l\u2019un des mystiques les plus profonds de tous les temps, et bien s\u00fbr l\u2019un des plus grands po\u00e8tes en langue espagnole. Ses po\u00e8mes s\u00e9duisent aussit\u00f4t les croyants que les non-croyants. Ses \u0153uvres ont \u00e9t\u00e9 traduites vers plus de 50 langues, et font [&hellip;]\" \/>\n<meta property=\"og:url\" content=\"https:\/\/www.sanjuandelacruzubeda.com\/fr\/saint-jean-de-la-croix\/\" \/>\n<meta property=\"og:site_name\" content=\"Museo, Casa de espiritualidad y toda la informaci\u00f3n y escritos de - San Juan de la Cruz. \u00dabeda.\" \/>\n<meta property=\"article:modified_time\" content=\"2023-12-18T12:01:34+00:00\" \/>\n<meta property=\"og:image\" content=\"https:\/\/www.sanjuandelacruzubeda.com\/wp-content\/uploads\/2023\/10\/01_banner_museo.jpg\" \/>\n\t<meta property=\"og:image:width\" content=\"1950\" \/>\n\t<meta property=\"og:image:height\" content=\"300\" \/>\n\t<meta property=\"og:image:type\" content=\"image\/jpeg\" \/>\n<meta name=\"twitter:card\" content=\"summary_large_image\" \/>\n<meta name=\"twitter:label1\" content=\"Dur\u00e9e de lecture estim\u00e9e\" \/>\n\t<meta name=\"twitter:data1\" content=\"2 minutes\" \/>\n<script type=\"application\/ld+json\" class=\"yoast-schema-graph\">{\"@context\":\"https:\\\/\\\/schema.org\",\"@graph\":[{\"@type\":\"WebPage\",\"@id\":\"https:\\\/\\\/www.sanjuandelacruzubeda.com\\\/fr\\\/saint-jean-de-la-croix\\\/\",\"url\":\"https:\\\/\\\/www.sanjuandelacruzubeda.com\\\/fr\\\/saint-jean-de-la-croix\\\/\",\"name\":\"Saint Jean de la Croix - Museo, Casa de espiritualidad y toda la informaci\u00f3n y escritos de - San Juan de la Cruz. \u00dabeda.\",\"isPartOf\":{\"@id\":\"https:\\\/\\\/www.sanjuandelacruzubeda.com\\\/fr\\\/#website\"},\"primaryImageOfPage\":{\"@id\":\"https:\\\/\\\/www.sanjuandelacruzubeda.com\\\/fr\\\/saint-jean-de-la-croix\\\/#primaryimage\"},\"image\":{\"@id\":\"https:\\\/\\\/www.sanjuandelacruzubeda.com\\\/fr\\\/saint-jean-de-la-croix\\\/#primaryimage\"},\"thumbnailUrl\":\"https:\\\/\\\/www.sanjuandelacruzubeda.com\\\/wp-content\\\/uploads\\\/2023\\\/10\\\/01_banner_museo.jpg\",\"datePublished\":\"2023-10-17T07:51:47+00:00\",\"dateModified\":\"2023-12-18T12:01:34+00:00\",\"breadcrumb\":{\"@id\":\"https:\\\/\\\/www.sanjuandelacruzubeda.com\\\/fr\\\/saint-jean-de-la-croix\\\/#breadcrumb\"},\"inLanguage\":\"fr-FR\",\"potentialAction\":[{\"@type\":\"ReadAction\",\"target\":[\"https:\\\/\\\/www.sanjuandelacruzubeda.com\\\/fr\\\/saint-jean-de-la-croix\\\/\"]}]},{\"@type\":\"ImageObject\",\"inLanguage\":\"fr-FR\",\"@id\":\"https:\\\/\\\/www.sanjuandelacruzubeda.com\\\/fr\\\/saint-jean-de-la-croix\\\/#primaryimage\",\"url\":\"https:\\\/\\\/www.sanjuandelacruzubeda.com\\\/wp-content\\\/uploads\\\/2023\\\/10\\\/01_banner_museo.jpg\",\"contentUrl\":\"https:\\\/\\\/www.sanjuandelacruzubeda.com\\\/wp-content\\\/uploads\\\/2023\\\/10\\\/01_banner_museo.jpg\",\"width\":1950,\"height\":300},{\"@type\":\"BreadcrumbList\",\"@id\":\"https:\\\/\\\/www.sanjuandelacruzubeda.com\\\/fr\\\/saint-jean-de-la-croix\\\/#breadcrumb\",\"itemListElement\":[{\"@type\":\"ListItem\",\"position\":1,\"name\":\"Inicio\",\"item\":\"https:\\\/\\\/www.sanjuandelacruzubeda.com\\\/fr\\\/\"},{\"@type\":\"ListItem\",\"position\":2,\"name\":\"Saint Jean de la Croix\"}]},{\"@type\":\"WebSite\",\"@id\":\"https:\\\/\\\/www.sanjuandelacruzubeda.com\\\/fr\\\/#website\",\"url\":\"https:\\\/\\\/www.sanjuandelacruzubeda.com\\\/fr\\\/\",\"name\":\"Museo, Casa de espiritualidad y toda la informaci\u00f3n y escritos de - San Juan de la Cruz. \u00dabeda.\",\"description\":\"\",\"potentialAction\":[{\"@type\":\"SearchAction\",\"target\":{\"@type\":\"EntryPoint\",\"urlTemplate\":\"https:\\\/\\\/www.sanjuandelacruzubeda.com\\\/fr\\\/?s={search_term_string}\"},\"query-input\":{\"@type\":\"PropertyValueSpecification\",\"valueRequired\":true,\"valueName\":\"search_term_string\"}}],\"inLanguage\":\"fr-FR\"}]}<\/script>\n<!-- \/ Yoast SEO plugin. -->","yoast_head_json":{"title":"Saint Jean de la Croix - Museo, Casa de espiritualidad y toda la informaci\u00f3n y escritos de - San Juan de la Cruz. \u00dabeda.","robots":{"index":"index","follow":"follow","max-snippet":"max-snippet:-1","max-image-preview":"max-image-preview:large","max-video-preview":"max-video-preview:-1"},"canonical":"https:\/\/www.sanjuandelacruzubeda.com\/fr\/saint-jean-de-la-croix\/","og_locale":"fr_FR","og_type":"article","og_title":"Saint Jean de la Croix - Museo, Casa de espiritualidad y toda la informaci\u00f3n y escritos de - San Juan de la Cruz. \u00dabeda.","og_description":"Le 14 d\u00e9cembre l\u2019\u00c9glise f\u00eate la liturgie de Saint Jean de la Croix, l\u2019un des mystiques les plus profonds de tous les temps, et bien s\u00fbr l\u2019un des plus grands po\u00e8tes en langue espagnole. Ses po\u00e8mes s\u00e9duisent aussit\u00f4t les croyants que les non-croyants. Ses \u0153uvres ont \u00e9t\u00e9 traduites vers plus de 50 langues, et font [&hellip;]","og_url":"https:\/\/www.sanjuandelacruzubeda.com\/fr\/saint-jean-de-la-croix\/","og_site_name":"Museo, Casa de espiritualidad y toda la informaci\u00f3n y escritos de - San Juan de la Cruz. \u00dabeda.","article_modified_time":"2023-12-18T12:01:34+00:00","og_image":[{"width":1950,"height":300,"url":"https:\/\/www.sanjuandelacruzubeda.com\/wp-content\/uploads\/2023\/10\/01_banner_museo.jpg","type":"image\/jpeg"}],"twitter_card":"summary_large_image","twitter_misc":{"Dur\u00e9e de lecture estim\u00e9e":"2 minutes"},"schema":{"@context":"https:\/\/schema.org","@graph":[{"@type":"WebPage","@id":"https:\/\/www.sanjuandelacruzubeda.com\/fr\/saint-jean-de-la-croix\/","url":"https:\/\/www.sanjuandelacruzubeda.com\/fr\/saint-jean-de-la-croix\/","name":"Saint Jean de la Croix - Museo, Casa de espiritualidad y toda la informaci\u00f3n y escritos de - San Juan de la Cruz. \u00dabeda.","isPartOf":{"@id":"https:\/\/www.sanjuandelacruzubeda.com\/fr\/#website"},"primaryImageOfPage":{"@id":"https:\/\/www.sanjuandelacruzubeda.com\/fr\/saint-jean-de-la-croix\/#primaryimage"},"image":{"@id":"https:\/\/www.sanjuandelacruzubeda.com\/fr\/saint-jean-de-la-croix\/#primaryimage"},"thumbnailUrl":"https:\/\/www.sanjuandelacruzubeda.com\/wp-content\/uploads\/2023\/10\/01_banner_museo.jpg","datePublished":"2023-10-17T07:51:47+00:00","dateModified":"2023-12-18T12:01:34+00:00","breadcrumb":{"@id":"https:\/\/www.sanjuandelacruzubeda.com\/fr\/saint-jean-de-la-croix\/#breadcrumb"},"inLanguage":"fr-FR","potentialAction":[{"@type":"ReadAction","target":["https:\/\/www.sanjuandelacruzubeda.com\/fr\/saint-jean-de-la-croix\/"]}]},{"@type":"ImageObject","inLanguage":"fr-FR","@id":"https:\/\/www.sanjuandelacruzubeda.com\/fr\/saint-jean-de-la-croix\/#primaryimage","url":"https:\/\/www.sanjuandelacruzubeda.com\/wp-content\/uploads\/2023\/10\/01_banner_museo.jpg","contentUrl":"https:\/\/www.sanjuandelacruzubeda.com\/wp-content\/uploads\/2023\/10\/01_banner_museo.jpg","width":1950,"height":300},{"@type":"BreadcrumbList","@id":"https:\/\/www.sanjuandelacruzubeda.com\/fr\/saint-jean-de-la-croix\/#breadcrumb","itemListElement":[{"@type":"ListItem","position":1,"name":"Inicio","item":"https:\/\/www.sanjuandelacruzubeda.com\/fr\/"},{"@type":"ListItem","position":2,"name":"Saint Jean de la Croix"}]},{"@type":"WebSite","@id":"https:\/\/www.sanjuandelacruzubeda.com\/fr\/#website","url":"https:\/\/www.sanjuandelacruzubeda.com\/fr\/","name":"Museo, Casa de espiritualidad y toda la informaci\u00f3n y escritos de - San Juan de la Cruz. \u00dabeda.","description":"","potentialAction":[{"@type":"SearchAction","target":{"@type":"EntryPoint","urlTemplate":"https:\/\/www.sanjuandelacruzubeda.com\/fr\/?s={search_term_string}"},"query-input":{"@type":"PropertyValueSpecification","valueRequired":true,"valueName":"search_term_string"}}],"inLanguage":"fr-FR"}]}},"_links":{"self":[{"href":"https:\/\/www.sanjuandelacruzubeda.com\/fr\/wp-json\/wp\/v2\/pages\/7918","targetHints":{"allow":["GET"]}}],"collection":[{"href":"https:\/\/www.sanjuandelacruzubeda.com\/fr\/wp-json\/wp\/v2\/pages"}],"about":[{"href":"https:\/\/www.sanjuandelacruzubeda.com\/fr\/wp-json\/wp\/v2\/types\/page"}],"author":[{"embeddable":true,"href":"https:\/\/www.sanjuandelacruzubeda.com\/fr\/wp-json\/wp\/v2\/users\/1"}],"replies":[{"embeddable":true,"href":"https:\/\/www.sanjuandelacruzubeda.com\/fr\/wp-json\/wp\/v2\/comments?post=7918"}],"version-history":[{"count":4,"href":"https:\/\/www.sanjuandelacruzubeda.com\/fr\/wp-json\/wp\/v2\/pages\/7918\/revisions"}],"predecessor-version":[{"id":8402,"href":"https:\/\/www.sanjuandelacruzubeda.com\/fr\/wp-json\/wp\/v2\/pages\/7918\/revisions\/8402"}],"wp:featuredmedia":[{"embeddable":true,"href":"https:\/\/www.sanjuandelacruzubeda.com\/fr\/wp-json\/wp\/v2\/media\/7559"}],"wp:attachment":[{"href":"https:\/\/www.sanjuandelacruzubeda.com\/fr\/wp-json\/wp\/v2\/media?parent=7918"}],"curies":[{"name":"wp","href":"https:\/\/api.w.org\/{rel}","templated":true}]}}