{"id":8049,"date":"2023-10-18T13:08:27","date_gmt":"2023-10-18T11:08:27","guid":{"rendered":"https:\/\/www.sanjuandelacruzubeda.com\/el-museo\/recomendaciones-y-o-entorno\/"},"modified":"2023-12-11T10:56:56","modified_gmt":"2023-12-11T09:56:56","slug":"surroundings","status":"publish","type":"page","link":"https:\/\/www.sanjuandelacruzubeda.com\/en\/the-musseum\/surroundings\/","title":{"rendered":"Surroundings"},"content":{"rendered":"<p>[et_pb_section fb_built=&#8221;1&#8243; _builder_version=&#8221;4.22.2&#8243; _module_preset=&#8221;default&#8221; custom_margin=&#8221;0px||||false|false&#8221; custom_padding=&#8221;0px||||false|false&#8221; global_colors_info=&#8221;{}&#8221;][et_pb_row _builder_version=&#8221;4.22.2&#8243; _module_preset=&#8221;default&#8221; width=&#8221;100%&#8221; custom_margin=&#8221;0px||||false|false&#8221; custom_padding=&#8221;0px||||false|false&#8221; global_colors_info=&#8221;{}&#8221;][et_pb_column type=&#8221;4_4&#8243; _builder_version=&#8221;4.22.2&#8243; _module_preset=&#8221;default&#8221; global_colors_info=&#8221;{}&#8221;][et_pb_gallery gallery_ids=&#8221;404,405,406,407,408,409,410,411&#8243; fullwidth=&#8221;on&#8221; _builder_version=&#8221;4.22.2&#8243; _module_preset=&#8221;default&#8221; global_colors_info=&#8221;{}&#8221;][\/et_pb_gallery][et_pb_text _builder_version=&#8221;4.23.1&#8243; _module_preset=&#8221;default&#8221; text_orientation=&#8221;justified&#8221; hover_enabled=&#8221;0&#8243; global_colors_info=&#8221;{}&#8221; sticky_enabled=&#8221;0&#8243;]<\/p>\n<p>The St John of the Cross Museum is placed in the city of \u00dabeda, located 10 kilometres away from Baeza and 40 kilometres away from the Sierras de Cazorla, Segura y Las Villas Natural Park.<\/p>\n<h2 class=\"left-outline\">\u00daBEDA<\/h2>\n<p>Located in the province of Ja\u00e9n, it is known as the capital of Andalusian Renaissance. It is located on a hill next to the Guadalquivir, in the comarca of la Loma. Its historic centre was labelled Conjunto Hist\u00f3rico-Art\u00edstico, which includes a splendid monumental heritage conformed by churches, palaces and &#8220;noble houses&#8221;. \u00dabeda&#8217;s Renaissance Monumental Ensemble has been inscribed on UNESCO&#8217;s World Heritage List.<\/p>\n<p><a title=\"Ir a turismodeubeda.com\" href=\"http:\/\/turismodeubeda.com\" target=\"_blank\" rel=\"noopener\">See more<\/a><\/p>\n<h2 class=\"left-outline\">BAEZA<\/h2>\n<p>Also located in the province of Ja\u00e9n, it is placed on a slight hill, which dominates an olive grove landscape in the comarca of La Loma. It was labelled Conjunto Hist\u00f3rico-Art\u00edstico and inscribed in UNESCO&#8217;s World Heritage List thanks to its incredible Renaissance heritage. It is peculiar the contrast of carved stone contrasts and whitewash &#8220;caser\u00edos&#8221; in this city that is part of both the Andalusian Renaissance Route and the Nazarite Route. It is an exceptional place from where you can visit the region and taste the Mediterranean diet cornerstone &#8211; pure olive oil.<\/p>\n<p><a title=\"ir al portal de tur\u00edsmo de Baeza\" href=\"http:\/\/turismo.baeza.net\/baezaturismo.es\/PortalBaeza\/turismo\/menuprincipal.html\" target=\"_blank\" rel=\"noopener\">See more<\/a><\/p>\n<h2 class=\"left-outline\">SIERRAS DE CAZORLA SEGURA Y LAS VILLAS<\/h2>\n<p>This mountain range is protected the Natural Park designation. Here you will find here what you are looking for: relief and well conserved landscapes full of life where no aggressive elements crash the harmony and the purity of the place.<\/p>\n<p>This huge territory was one of the firsts to be declared National Park in Andalusia. And it deserves it.<\/p>\n<p>It is the largest wood area in Spain and its biodiversity is outstanding.<\/p>\n<p><a title=\"Ir a www.sierrasdecazorlaseguraylasvillas.es\" href=\"http:\/\/www.sierrasdecazorlaseguraylasvillas.es\/\" target=\"_blank\" rel=\"noopener\">See more <\/a><\/p>\n<p>[\/et_pb_text][\/et_pb_column][\/et_pb_row][\/et_pb_section]<\/p>\n","protected":false},"excerpt":{"rendered":"<p>The St John of the Cross Museum is placed in the city of \u00dabeda, located 10 kilometres away from Baeza and 40 kilometres away from the Sierras de Cazorla, Segura y Las Villas Natural Park. \u00daBEDA Located in the province of Ja\u00e9n, it is known as the capital of Andalusian Renaissance. It is located on [&hellip;]<\/p>\n","protected":false},"author":1,"featured_media":7612,"parent":7953,"menu_order":0,"comment_status":"closed","ping_status":"closed","template":"","meta":{"_acf_changed":false,"_et_pb_use_builder":"on","_et_pb_old_content":"","_et_gb_content_width":"","footnotes":""},"class_list":["post-8049","page","type-page","status-publish","has-post-thumbnail","hentry"],"acf":[],"yoast_head":"<!-- This site is optimized with the Yoast SEO plugin v27.4 - https:\/\/yoast.com\/product\/yoast-seo-wordpress\/ -->\n<title>Surroundings - Museo, Casa de espiritualidad y toda la informaci\u00f3n y escritos de - San Juan de la Cruz. \u00dabeda.<\/title>\n<meta name=\"robots\" content=\"index, follow, max-snippet:-1, max-image-preview:large, max-video-preview:-1\" \/>\n<link rel=\"canonical\" href=\"https:\/\/www.sanjuandelacruzubeda.com\/en\/the-musseum\/surroundings\/\" \/>\n<meta property=\"og:locale\" content=\"en_US\" \/>\n<meta property=\"og:type\" content=\"article\" \/>\n<meta property=\"og:title\" content=\"Surroundings - Museo, Casa de espiritualidad y toda la informaci\u00f3n y escritos de - San Juan de la Cruz. \u00dabeda.\" \/>\n<meta property=\"og:description\" content=\"The St John of the Cross Museum is placed in the city of \u00dabeda, located 10 kilometres away from Baeza and 40 kilometres away from the Sierras de Cazorla, Segura y Las Villas Natural Park. \u00daBEDA Located in the province of Ja\u00e9n, it is known as the capital of Andalusian Renaissance. It is located on [&hellip;]\" \/>\n<meta property=\"og:url\" content=\"https:\/\/www.sanjuandelacruzubeda.com\/en\/the-musseum\/surroundings\/\" \/>\n<meta property=\"og:site_name\" content=\"Museo, Casa de espiritualidad y toda la informaci\u00f3n y escritos de - San Juan de la Cruz. \u00dabeda.\" \/>\n<meta property=\"article:modified_time\" content=\"2023-12-11T09:56:56+00:00\" \/>\n<meta property=\"og:image\" content=\"https:\/\/www.sanjuandelacruzubeda.com\/wp-content\/uploads\/2023\/10\/09_banner_recomendaciones.jpg\" \/>\n\t<meta property=\"og:image:width\" content=\"1950\" \/>\n\t<meta property=\"og:image:height\" content=\"300\" \/>\n\t<meta property=\"og:image:type\" content=\"image\/jpeg\" \/>\n<meta name=\"twitter:card\" content=\"summary_large_image\" \/>\n<meta name=\"twitter:label1\" content=\"Est. reading time\" \/>\n\t<meta name=\"twitter:data1\" content=\"2 minutes\" \/>\n<script type=\"application\/ld+json\" class=\"yoast-schema-graph\">{\"@context\":\"https:\\\/\\\/schema.org\",\"@graph\":[{\"@type\":\"WebPage\",\"@id\":\"https:\\\/\\\/www.sanjuandelacruzubeda.com\\\/en\\\/the-musseum\\\/surroundings\\\/\",\"url\":\"https:\\\/\\\/www.sanjuandelacruzubeda.com\\\/en\\\/the-musseum\\\/surroundings\\\/\",\"name\":\"Surroundings - Museo, Casa de espiritualidad y toda la informaci\u00f3n y escritos de - San Juan de la Cruz. \u00dabeda.\",\"isPartOf\":{\"@id\":\"https:\\\/\\\/www.sanjuandelacruzubeda.com\\\/en\\\/#website\"},\"primaryImageOfPage\":{\"@id\":\"https:\\\/\\\/www.sanjuandelacruzubeda.com\\\/en\\\/the-musseum\\\/surroundings\\\/#primaryimage\"},\"image\":{\"@id\":\"https:\\\/\\\/www.sanjuandelacruzubeda.com\\\/en\\\/the-musseum\\\/surroundings\\\/#primaryimage\"},\"thumbnailUrl\":\"https:\\\/\\\/www.sanjuandelacruzubeda.com\\\/wp-content\\\/uploads\\\/2023\\\/10\\\/09_banner_recomendaciones.jpg\",\"datePublished\":\"2023-10-18T11:08:27+00:00\",\"dateModified\":\"2023-12-11T09:56:56+00:00\",\"breadcrumb\":{\"@id\":\"https:\\\/\\\/www.sanjuandelacruzubeda.com\\\/en\\\/the-musseum\\\/surroundings\\\/#breadcrumb\"},\"inLanguage\":\"en-US\",\"potentialAction\":[{\"@type\":\"ReadAction\",\"target\":[\"https:\\\/\\\/www.sanjuandelacruzubeda.com\\\/en\\\/the-musseum\\\/surroundings\\\/\"]}]},{\"@type\":\"ImageObject\",\"inLanguage\":\"en-US\",\"@id\":\"https:\\\/\\\/www.sanjuandelacruzubeda.com\\\/en\\\/the-musseum\\\/surroundings\\\/#primaryimage\",\"url\":\"https:\\\/\\\/www.sanjuandelacruzubeda.com\\\/wp-content\\\/uploads\\\/2023\\\/10\\\/09_banner_recomendaciones.jpg\",\"contentUrl\":\"https:\\\/\\\/www.sanjuandelacruzubeda.com\\\/wp-content\\\/uploads\\\/2023\\\/10\\\/09_banner_recomendaciones.jpg\",\"width\":1950,\"height\":300},{\"@type\":\"BreadcrumbList\",\"@id\":\"https:\\\/\\\/www.sanjuandelacruzubeda.com\\\/en\\\/the-musseum\\\/surroundings\\\/#breadcrumb\",\"itemListElement\":[{\"@type\":\"ListItem\",\"position\":1,\"name\":\"Inicio\",\"item\":\"https:\\\/\\\/www.sanjuandelacruzubeda.com\\\/en\\\/\"},{\"@type\":\"ListItem\",\"position\":2,\"name\":\"The musseum\",\"item\":\"https:\\\/\\\/www.sanjuandelacruzubeda.com\\\/en\\\/museo\\\/\"},{\"@type\":\"ListItem\",\"position\":3,\"name\":\"Surroundings\"}]},{\"@type\":\"WebSite\",\"@id\":\"https:\\\/\\\/www.sanjuandelacruzubeda.com\\\/en\\\/#website\",\"url\":\"https:\\\/\\\/www.sanjuandelacruzubeda.com\\\/en\\\/\",\"name\":\"Museo, Casa de espiritualidad y toda la informaci\u00f3n y escritos de - San Juan de la Cruz. \u00dabeda.\",\"description\":\"\",\"potentialAction\":[{\"@type\":\"SearchAction\",\"target\":{\"@type\":\"EntryPoint\",\"urlTemplate\":\"https:\\\/\\\/www.sanjuandelacruzubeda.com\\\/en\\\/?s={search_term_string}\"},\"query-input\":{\"@type\":\"PropertyValueSpecification\",\"valueRequired\":true,\"valueName\":\"search_term_string\"}}],\"inLanguage\":\"en-US\"}]}<\/script>\n<!-- \/ Yoast SEO plugin. -->","yoast_head_json":{"title":"Surroundings - Museo, Casa de espiritualidad y toda la informaci\u00f3n y escritos de - San Juan de la Cruz. \u00dabeda.","robots":{"index":"index","follow":"follow","max-snippet":"max-snippet:-1","max-image-preview":"max-image-preview:large","max-video-preview":"max-video-preview:-1"},"canonical":"https:\/\/www.sanjuandelacruzubeda.com\/en\/the-musseum\/surroundings\/","og_locale":"en_US","og_type":"article","og_title":"Surroundings - Museo, Casa de espiritualidad y toda la informaci\u00f3n y escritos de - San Juan de la Cruz. \u00dabeda.","og_description":"The St John of the Cross Museum is placed in the city of \u00dabeda, located 10 kilometres away from Baeza and 40 kilometres away from the Sierras de Cazorla, Segura y Las Villas Natural Park. \u00daBEDA Located in the province of Ja\u00e9n, it is known as the capital of Andalusian Renaissance. It is located on [&hellip;]","og_url":"https:\/\/www.sanjuandelacruzubeda.com\/en\/the-musseum\/surroundings\/","og_site_name":"Museo, Casa de espiritualidad y toda la informaci\u00f3n y escritos de - San Juan de la Cruz. \u00dabeda.","article_modified_time":"2023-12-11T09:56:56+00:00","og_image":[{"width":1950,"height":300,"url":"https:\/\/www.sanjuandelacruzubeda.com\/wp-content\/uploads\/2023\/10\/09_banner_recomendaciones.jpg","type":"image\/jpeg"}],"twitter_card":"summary_large_image","twitter_misc":{"Est. reading time":"2 minutes"},"schema":{"@context":"https:\/\/schema.org","@graph":[{"@type":"WebPage","@id":"https:\/\/www.sanjuandelacruzubeda.com\/en\/the-musseum\/surroundings\/","url":"https:\/\/www.sanjuandelacruzubeda.com\/en\/the-musseum\/surroundings\/","name":"Surroundings - Museo, Casa de espiritualidad y toda la informaci\u00f3n y escritos de - San Juan de la Cruz. \u00dabeda.","isPartOf":{"@id":"https:\/\/www.sanjuandelacruzubeda.com\/en\/#website"},"primaryImageOfPage":{"@id":"https:\/\/www.sanjuandelacruzubeda.com\/en\/the-musseum\/surroundings\/#primaryimage"},"image":{"@id":"https:\/\/www.sanjuandelacruzubeda.com\/en\/the-musseum\/surroundings\/#primaryimage"},"thumbnailUrl":"https:\/\/www.sanjuandelacruzubeda.com\/wp-content\/uploads\/2023\/10\/09_banner_recomendaciones.jpg","datePublished":"2023-10-18T11:08:27+00:00","dateModified":"2023-12-11T09:56:56+00:00","breadcrumb":{"@id":"https:\/\/www.sanjuandelacruzubeda.com\/en\/the-musseum\/surroundings\/#breadcrumb"},"inLanguage":"en-US","potentialAction":[{"@type":"ReadAction","target":["https:\/\/www.sanjuandelacruzubeda.com\/en\/the-musseum\/surroundings\/"]}]},{"@type":"ImageObject","inLanguage":"en-US","@id":"https:\/\/www.sanjuandelacruzubeda.com\/en\/the-musseum\/surroundings\/#primaryimage","url":"https:\/\/www.sanjuandelacruzubeda.com\/wp-content\/uploads\/2023\/10\/09_banner_recomendaciones.jpg","contentUrl":"https:\/\/www.sanjuandelacruzubeda.com\/wp-content\/uploads\/2023\/10\/09_banner_recomendaciones.jpg","width":1950,"height":300},{"@type":"BreadcrumbList","@id":"https:\/\/www.sanjuandelacruzubeda.com\/en\/the-musseum\/surroundings\/#breadcrumb","itemListElement":[{"@type":"ListItem","position":1,"name":"Inicio","item":"https:\/\/www.sanjuandelacruzubeda.com\/en\/"},{"@type":"ListItem","position":2,"name":"The musseum","item":"https:\/\/www.sanjuandelacruzubeda.com\/en\/museo\/"},{"@type":"ListItem","position":3,"name":"Surroundings"}]},{"@type":"WebSite","@id":"https:\/\/www.sanjuandelacruzubeda.com\/en\/#website","url":"https:\/\/www.sanjuandelacruzubeda.com\/en\/","name":"Museo, Casa de espiritualidad y toda la informaci\u00f3n y escritos de - San Juan de la Cruz. \u00dabeda.","description":"","potentialAction":[{"@type":"SearchAction","target":{"@type":"EntryPoint","urlTemplate":"https:\/\/www.sanjuandelacruzubeda.com\/en\/?s={search_term_string}"},"query-input":{"@type":"PropertyValueSpecification","valueRequired":true,"valueName":"search_term_string"}}],"inLanguage":"en-US"}]}},"_links":{"self":[{"href":"https:\/\/www.sanjuandelacruzubeda.com\/en\/wp-json\/wp\/v2\/pages\/8049","targetHints":{"allow":["GET"]}}],"collection":[{"href":"https:\/\/www.sanjuandelacruzubeda.com\/en\/wp-json\/wp\/v2\/pages"}],"about":[{"href":"https:\/\/www.sanjuandelacruzubeda.com\/en\/wp-json\/wp\/v2\/types\/page"}],"author":[{"embeddable":true,"href":"https:\/\/www.sanjuandelacruzubeda.com\/en\/wp-json\/wp\/v2\/users\/1"}],"replies":[{"embeddable":true,"href":"https:\/\/www.sanjuandelacruzubeda.com\/en\/wp-json\/wp\/v2\/comments?post=8049"}],"version-history":[{"count":3,"href":"https:\/\/www.sanjuandelacruzubeda.com\/en\/wp-json\/wp\/v2\/pages\/8049\/revisions"}],"predecessor-version":[{"id":8056,"href":"https:\/\/www.sanjuandelacruzubeda.com\/en\/wp-json\/wp\/v2\/pages\/8049\/revisions\/8056"}],"up":[{"embeddable":true,"href":"https:\/\/www.sanjuandelacruzubeda.com\/en\/wp-json\/wp\/v2\/pages\/7953"}],"wp:featuredmedia":[{"embeddable":true,"href":"https:\/\/www.sanjuandelacruzubeda.com\/en\/wp-json\/wp\/v2\/media\/7612"}],"wp:attachment":[{"href":"https:\/\/www.sanjuandelacruzubeda.com\/en\/wp-json\/wp\/v2\/media?parent=8049"}],"curies":[{"name":"wp","href":"https:\/\/api.w.org\/{rel}","templated":true}]}}